{"id":114,"date":"2023-04-12T23:06:20","date_gmt":"2023-04-12T21:06:20","guid":{"rendered":"http:\/\/chateaudelacelleguenand.com\/?page_id=114"},"modified":"2023-12-14T12:15:51","modified_gmt":"2023-12-14T11:15:51","slug":"vos-evenement-au-chateau","status":"publish","type":"page","link":"https:\/\/chateaudelacelleguenand.com\/index.php\/le-chateau\/vos-evenement-au-chateau\/","title":{"rendered":"Vos \u00e9v\u00e9nement au ch\u00e2teau"},"content":{"rendered":"\n<figure class=\"wp-block-image size-large\"><img loading=\"lazy\" decoding=\"async\" width=\"1024\" height=\"768\" src=\"https:\/\/chateaudelacelleguenand.com\/wp-content\/uploads\/2023\/04\/IMG_2458-2-1024x768.jpg\" alt=\"\" class=\"wp-image-215\" srcset=\"https:\/\/chateaudelacelleguenand.com\/wp-content\/uploads\/2023\/04\/IMG_2458-2-1024x768.jpg 1024w, https:\/\/chateaudelacelleguenand.com\/wp-content\/uploads\/2023\/04\/IMG_2458-2-300x225.jpg 300w, https:\/\/chateaudelacelleguenand.com\/wp-content\/uploads\/2023\/04\/IMG_2458-2-768x576.jpg 768w, https:\/\/chateaudelacelleguenand.com\/wp-content\/uploads\/2023\/04\/IMG_2458-2-1536x1152.jpg 1536w, https:\/\/chateaudelacelleguenand.com\/wp-content\/uploads\/2023\/04\/IMG_2458-2-2048x1536.jpg 2048w, https:\/\/chateaudelacelleguenand.com\/wp-content\/uploads\/2023\/04\/IMG_2458-2-2000x1500.jpg 2000w\" sizes=\"(max-width: 1024px) 100vw, 1024px\" \/><\/figure>\n\n\n\n<p>Mariage, f\u00eates, r\u00e9unions &#8230; <\/p>\n\n\n\n<p>Le ch\u00e2teau propose une salle de r\u00e9ception \u00e9quip\u00e9e d&rsquo;une cuisine professionnelle, ainsi qu&rsquo;une salle de style m\u00e9di\u00e9vale, pour des \u00e9v\u00e9nements plus petits. <\/p>\n\n\n\n<p>Pour toute demande d&rsquo;\u00e9v\u00e9nement merci de nous contacter directement pour plus d&rsquo;informations : contact@chateaudelacelleguenand.fr \/ 07 45 12 82 18<\/p>\n","protected":false},"excerpt":{"rendered":"<p>Mariage, f\u00eates, r\u00e9unions &#8230; Le ch\u00e2teau propose une salle de r\u00e9ception \u00e9quip\u00e9e d&rsquo;une cuisine professionnelle, ainsi qu&rsquo;une salle de style m\u00e9di\u00e9vale, pour des \u00e9v\u00e9nements plus petits. Pour toute demande d&rsquo;\u00e9v\u00e9nement merci de nous contacter directement pour plus d&rsquo;informations : contact@chateaudelacelleguenand.fr \/ 07 45 12 82 18<\/p>\n","protected":false},"author":1,"featured_media":0,"parent":187,"menu_order":0,"comment_status":"closed","ping_status":"closed","template":"","meta":{"_eb_attr":"","footnotes":""},"class_list":["post-114","page","type-page","status-publish","hentry"],"_links":{"self":[{"href":"https:\/\/chateaudelacelleguenand.com\/index.php\/wp-json\/wp\/v2\/pages\/114"}],"collection":[{"href":"https:\/\/chateaudelacelleguenand.com\/index.php\/wp-json\/wp\/v2\/pages"}],"about":[{"href":"https:\/\/chateaudelacelleguenand.com\/index.php\/wp-json\/wp\/v2\/types\/page"}],"author":[{"embeddable":true,"href":"https:\/\/chateaudelacelleguenand.com\/index.php\/wp-json\/wp\/v2\/users\/1"}],"replies":[{"embeddable":true,"href":"https:\/\/chateaudelacelleguenand.com\/index.php\/wp-json\/wp\/v2\/comments?post=114"}],"version-history":[{"count":5,"href":"https:\/\/chateaudelacelleguenand.com\/index.php\/wp-json\/wp\/v2\/pages\/114\/revisions"}],"predecessor-version":[{"id":308,"href":"https:\/\/chateaudelacelleguenand.com\/index.php\/wp-json\/wp\/v2\/pages\/114\/revisions\/308"}],"up":[{"embeddable":true,"href":"https:\/\/chateaudelacelleguenand.com\/index.php\/wp-json\/wp\/v2\/pages\/187"}],"wp:attachment":[{"href":"https:\/\/chateaudelacelleguenand.com\/index.php\/wp-json\/wp\/v2\/media?parent=114"}],"curies":[{"name":"wp","href":"https:\/\/api.w.org\/{rel}","templated":true}]}}